{"id":5501,"date":"2021-05-20T20:09:31","date_gmt":"2021-05-20T20:09:31","guid":{"rendered":"https:\/\/casadasgeladeiras.com.br\/?post_type=product&#038;p=5501"},"modified":"2021-10-01T12:49:21","modified_gmt":"2021-10-01T12:49:21","slug":"gas-r600a-vix-isobutano-420g-inflamavel","status":"publish","type":"product","link":"https:\/\/casadasgeladeiras.com.br\/index.php\/product\/gas-r600a-vix-isobutano-420g-inflamavel\/","title":{"rendered":"G\u00e1s R600A VIX Isobutano 420g <strong>Inflam\u00e1vel<\/strong>"},"content":{"rendered":"","protected":false},"excerpt":{"rendered":"<p>G\u00e1s para aplica\u00e7\u00e3o em refrigerador, freezer, cervejeiros.<\/p>\n<p>Obs.:\u00a0<strong> Produto Inflam\u00e1vel<\/strong><\/p>\n","protected":false},"featured_media":5502,"comment_status":"open","ping_status":"closed","template":"","meta":[],"product_cat":[15,105],"product_tag":[],"_links":{"self":[{"href":"https:\/\/casadasgeladeiras.com.br\/index.php\/wp-json\/wp\/v2\/product\/5501"}],"collection":[{"href":"https:\/\/casadasgeladeiras.com.br\/index.php\/wp-json\/wp\/v2\/product"}],"about":[{"href":"https:\/\/casadasgeladeiras.com.br\/index.php\/wp-json\/wp\/v2\/types\/product"}],"replies":[{"embeddable":true,"href":"https:\/\/casadasgeladeiras.com.br\/index.php\/wp-json\/wp\/v2\/comments?post=5501"}],"wp:featuredmedia":[{"embeddable":true,"href":"https:\/\/casadasgeladeiras.com.br\/index.php\/wp-json\/wp\/v2\/media\/5502"}],"wp:attachment":[{"href":"https:\/\/casadasgeladeiras.com.br\/index.php\/wp-json\/wp\/v2\/media?parent=5501"}],"wp:term":[{"taxonomy":"product_cat","embeddable":true,"href":"https:\/\/casadasgeladeiras.com.br\/index.php\/wp-json\/wp\/v2\/product_cat?post=5501"},{"taxonomy":"product_tag","embeddable":true,"href":"https:\/\/casadasgeladeiras.com.br\/index.php\/wp-json\/wp\/v2\/product_tag?post=5501"}],"curies":[{"name":"wp","href":"https:\/\/api.w.org\/{rel}","templated":true}]}}