{"id":5523,"date":"2021-05-22T14:23:14","date_gmt":"2021-05-22T14:23:14","guid":{"rendered":"https:\/\/casadasgeladeiras.com.br\/?post_type=product&#038;p=5523"},"modified":"2024-07-16T15:10:22","modified_gmt":"2024-07-16T15:10:22","slug":"gas-freos-r22-dupont-chemours-1kg","status":"publish","type":"product","link":"https:\/\/casadasgeladeiras.com.br\/index.php\/product\/gas-freos-r22-dupont-chemours-1kg\/","title":{"rendered":"G\u00e1s Freos R22 Dupont\/Chemours 1Kg"},"content":{"rendered":"","protected":false},"excerpt":{"rendered":"<p>G\u00e1s para sistemas de refrigera\u00e7\u00e3o de balc\u00f5es, ilhas refrigeradas, ar condicionado, etc.<\/p>\n","protected":false},"featured_media":5516,"comment_status":"open","ping_status":"closed","template":"","meta":[],"product_cat":[15,105],"product_tag":[],"_links":{"self":[{"href":"https:\/\/casadasgeladeiras.com.br\/index.php\/wp-json\/wp\/v2\/product\/5523"}],"collection":[{"href":"https:\/\/casadasgeladeiras.com.br\/index.php\/wp-json\/wp\/v2\/product"}],"about":[{"href":"https:\/\/casadasgeladeiras.com.br\/index.php\/wp-json\/wp\/v2\/types\/product"}],"replies":[{"embeddable":true,"href":"https:\/\/casadasgeladeiras.com.br\/index.php\/wp-json\/wp\/v2\/comments?post=5523"}],"wp:featuredmedia":[{"embeddable":true,"href":"https:\/\/casadasgeladeiras.com.br\/index.php\/wp-json\/wp\/v2\/media\/5516"}],"wp:attachment":[{"href":"https:\/\/casadasgeladeiras.com.br\/index.php\/wp-json\/wp\/v2\/media?parent=5523"}],"wp:term":[{"taxonomy":"product_cat","embeddable":true,"href":"https:\/\/casadasgeladeiras.com.br\/index.php\/wp-json\/wp\/v2\/product_cat?post=5523"},{"taxonomy":"product_tag","embeddable":true,"href":"https:\/\/casadasgeladeiras.com.br\/index.php\/wp-json\/wp\/v2\/product_tag?post=5523"}],"curies":[{"name":"wp","href":"https:\/\/api.w.org\/{rel}","templated":true}]}}